{"id":148,"date":"2025-07-29T09:44:21","date_gmt":"2025-07-29T15:44:21","guid":{"rendered":"https:\/\/elitewatches.com.mx\/?post_type=product&#038;p=148"},"modified":"2025-07-29T09:44:45","modified_gmt":"2025-07-29T15:44:45","slug":"momo-design-md2198bk%e2%80%9141-jet-black-no-nuevo","status":"publish","type":"product","link":"https:\/\/elitewatches.com.mx\/?product=momo-design-md2198bk%e2%80%9141-jet-black-no-nuevo","title":{"rendered":"Momo Design MD2198BK\u201141 Jet Black (No Nuevo)"},"content":{"rendered":"<ul>\n<li data-start=\"316\" data-end=\"398\">\n<p data-start=\"318\" data-end=\"398\"><strong data-start=\"318\" data-end=\"327\">L\u00ednea<\/strong>: Jet Black \u2013 dise\u00f1o deportivo y elegante con recubrimiento PVD negro<\/p>\n<\/li>\n<li data-start=\"399\" data-end=\"430\">\n<p data-start=\"401\" data-end=\"430\"><strong data-start=\"401\" data-end=\"415\">Referencia<\/strong>: MD2198BK\u201141<\/p>\n<\/li>\n<li data-start=\"431\" data-end=\"529\">\n<p data-start=\"433\" data-end=\"529\"><strong data-start=\"433\" data-end=\"447\">Movimiento<\/strong>: Cuarzo, calibre Miyota OS11 (cron\u00f3grafo)<\/p>\n<\/li>\n<li data-start=\"530\" data-end=\"632\">\n<p data-start=\"532\" data-end=\"632\"><strong data-start=\"532\" data-end=\"540\">Caja<\/strong>: Acero inoxidable 316L con recubrimiento PVD negro, di\u00e1metro de <strong data-start=\"605\" data-end=\"614\">43\u202fmm<\/strong>, grosor \u2248\u202f10\u202fmm<\/p>\n<\/li>\n<li data-start=\"633\" data-end=\"668\">\n<p data-start=\"635\" data-end=\"668\"><strong data-start=\"635\" data-end=\"646\">Cristal<\/strong>: Mineral resistente<\/p>\n<\/li>\n<li data-start=\"669\" data-end=\"783\">\n<p data-start=\"671\" data-end=\"783\"><strong data-start=\"671\" data-end=\"681\">Correa<\/strong>: Caucho o silicona negra de <strong data-start=\"710\" data-end=\"719\">22\u202fmm<\/strong>, con cierre desplegable<\/p>\n<\/li>\n<li data-start=\"784\" data-end=\"898\">\n<p data-start=\"786\" data-end=\"898\"><strong data-start=\"786\" data-end=\"799\">Funciones<\/strong>: Cron\u00f3grafo (subesferas), indicador de fecha seg\u00fan versi\u00f3n<\/p>\n<\/li>\n<li data-start=\"899\" data-end=\"941\">\n<p data-start=\"901\" data-end=\"941\"><strong data-start=\"901\" data-end=\"924\">Resistencia al agua<\/strong>: 5\u202fATM (~50\u202fm)<\/p>\n<\/li>\n<li data-start=\"942\" data-end=\"973\">\n<p data-start=\"944\" data-end=\"973\"><strong data-start=\"944\" data-end=\"963\">Gruesor de caja<\/strong>: ~10\u202fmm<\/p>\n<\/li>\n<\/ul>\n","protected":false},"excerpt":{"rendered":"<p>L\u00ednea: Jet Black \u2013 dise\u00f1o deportivo y elegante con recubrimiento PVD negro Referencia: MD2198BK\u201141 Movimiento: Cuarzo, calibre Miyota OS11 (cron\u00f3grafo) Caja: Acero inoxidable 316L con recubrimiento PVD negro, di\u00e1metro de 43\u202fmm, grosor \u2248\u202f10\u202fmm Cristal: Mineral resistente Correa: Caucho o silicona negra de 22\u202fmm, con cierre desplegable Funciones: Cron\u00f3grafo (subesferas), indicador de fecha seg\u00fan versi\u00f3n Resistencia [&hellip;]<\/p>\n","protected":false},"featured_media":149,"comment_status":"open","ping_status":"closed","template":"","meta":[],"product_brand":[],"product_cat":[15],"product_tag":[],"class_list":{"0":"post-148","1":"product","2":"type-product","3":"status-publish","4":"has-post-thumbnail","6":"product_cat-sin-categorizar","8":"first","9":"instock","10":"shipping-taxable","11":"purchasable","12":"product-type-simple"},"_links":{"self":[{"href":"https:\/\/elitewatches.com.mx\/index.php?rest_route=\/wp\/v2\/product\/148","targetHints":{"allow":["GET"]}}],"collection":[{"href":"https:\/\/elitewatches.com.mx\/index.php?rest_route=\/wp\/v2\/product"}],"about":[{"href":"https:\/\/elitewatches.com.mx\/index.php?rest_route=\/wp\/v2\/types\/product"}],"replies":[{"embeddable":true,"href":"https:\/\/elitewatches.com.mx\/index.php?rest_route=%2Fwp%2Fv2%2Fcomments&post=148"}],"wp:featuredmedia":[{"embeddable":true,"href":"https:\/\/elitewatches.com.mx\/index.php?rest_route=\/wp\/v2\/media\/149"}],"wp:attachment":[{"href":"https:\/\/elitewatches.com.mx\/index.php?rest_route=%2Fwp%2Fv2%2Fmedia&parent=148"}],"wp:term":[{"taxonomy":"product_brand","embeddable":true,"href":"https:\/\/elitewatches.com.mx\/index.php?rest_route=%2Fwp%2Fv2%2Fproduct_brand&post=148"},{"taxonomy":"product_cat","embeddable":true,"href":"https:\/\/elitewatches.com.mx\/index.php?rest_route=%2Fwp%2Fv2%2Fproduct_cat&post=148"},{"taxonomy":"product_tag","embeddable":true,"href":"https:\/\/elitewatches.com.mx\/index.php?rest_route=%2Fwp%2Fv2%2Fproduct_tag&post=148"}],"curies":[{"name":"wp","href":"https:\/\/api.w.org\/{rel}","templated":true}]}}